{"id":14042,"date":"2024-06-04T10:05:29","date_gmt":"2024-06-04T17:05:29","guid":{"rendered":"https:\/\/scefcu.org\/?page_id=14042"},"modified":"2025-06-30T10:15:08","modified_gmt":"2025-06-30T17:15:08","slug":"banca-digital","status":"publish","type":"page","link":"https:\/\/rizecu.com\/es\/digital-banking\/","title":{"rendered":"Banca digital"},"content":{"rendered":"<div data-elementor-type=\"wp-page\" data-elementor-id=\"14042\" class=\"elementor elementor-14042\" data-elementor-post-type=\"page\">\n\t\t\t\t<div class=\"elementor-element elementor-element-55a15b2d banner e-flex e-con-boxed e-con e-parent\" data-id=\"55a15b2d\" data-element_type=\"container\" data-e-type=\"container\" id=\"banner\" data-settings=\"{&quot;background_background&quot;:&quot;gradient&quot;}\">\n\t\t\t\t\t<div class=\"e-con-inner\">\n\t\t<div class=\"elementor-element elementor-element-70af68fe e-con-full banner-inner e-flex e-con e-child\" data-id=\"70af68fe\" data-element_type=\"container\" data-e-type=\"container\" id=\"banner-inner\">\n\t\t\t\t<div class=\"elementor-element elementor-element-72c9f30 animated-slow elementor-invisible elementor-widget elementor-widget-text-editor\" data-id=\"72c9f30\" data-element_type=\"widget\" data-e-type=\"widget\" data-settings=\"{&quot;_animation&quot;:&quot;fadeInLeft&quot;,&quot;_animation_delay&quot;:200}\" data-widget_type=\"text-editor.default\">\n\t\t\t\t<div class=\"elementor-widget-container\">\n\t\t\t\t\t\t\t\t\t<p>BANCA DIGITAL<\/p>\t\t\t\t\t\t\t\t<\/div>\n\t\t\t\t<\/div>\n\t\t\t\t<\/div>\n\t\t\t\t\t<\/div>\n\t\t\t\t<\/div>\n\t\t<div class=\"elementor-element elementor-element-7c33df5f e-flex e-con-boxed e-con e-parent\" data-id=\"7c33df5f\" data-element_type=\"container\" data-e-type=\"container\">\n\t\t\t\t\t<div class=\"e-con-inner\">\n\t\t\t\t<div class=\"elementor-element elementor-element-67164b10 elementor-widget elementor-widget-breadcrumbs\" data-id=\"67164b10\" data-element_type=\"widget\" data-e-type=\"widget\" data-widget_type=\"breadcrumbs.default\">\n\t\t\t\t<div class=\"elementor-widget-container\">\n\t\t\t\t\t<p id=\"breadcrumbs\"><span><span><a href=\"https:\/\/rizecu.com\/es\/\">Home<\/a><\/span><\/span><\/p>\t\t\t\t<\/div>\n\t\t\t\t<\/div>\n\t\t\t\t\t<\/div>\n\t\t\t\t<\/div>\n\t\t<div class=\"elementor-element elementor-element-ca628db animated-slow e-flex e-con-boxed e-con e-parent\" data-id=\"ca628db\" data-element_type=\"container\" data-e-type=\"container\" id=\"main\" data-settings=\"{&quot;animation&quot;:&quot;none&quot;,&quot;animation_delay&quot;:1600}\">\n\t\t\t\t\t<div class=\"e-con-inner\">\n\t\t\t\t<div class=\"elementor-element elementor-element-59efd6c animated-slow elementor-invisible elementor-widget elementor-widget-text-editor\" data-id=\"59efd6c\" data-element_type=\"widget\" data-e-type=\"widget\" data-settings=\"{&quot;_animation&quot;:&quot;fadeIn&quot;,&quot;_animation_delay&quot;:1600}\" data-widget_type=\"text-editor.default\">\n\t\t\t\t<div class=\"elementor-widget-container\">\n\t\t\t\t\t\t\t\t\t<p>Realiza tus operaciones bancarias a tu, con nuestros servicios digitales seguros y convenientes, que te dan la flexibilidad de administrar tus finanzas en cualquier momento y desde cualquier lugar.<\/p><p>Para solicitar la eliminaci\u00f3n de tu perfil de banca digital, env\u00eda un correo electr\u00f3nico a <a title=\"RemoveProfile@RizeCU.com\" href=\"mailto:removeprofile@rizecu.com\">RemoveProfile@RizeCU.com<\/a>.<\/p>\t\t\t\t\t\t\t\t<\/div>\n\t\t\t\t<\/div>\n\t\t\t\t\t<\/div>\n\t\t\t\t<\/div>\n\t\t<div class=\"elementor-element elementor-element-8f59c30 e-flex e-con-boxed e-con e-parent\" data-id=\"8f59c30\" data-element_type=\"container\" data-e-type=\"container\" data-settings=\"{&quot;background_background&quot;:&quot;gradient&quot;}\">\n\t\t\t\t\t<div class=\"e-con-inner\">\n\t\t\t\t<div class=\"elementor-element elementor-element-cbf7c2f elementor-widget elementor-widget-spacer\" data-id=\"cbf7c2f\" data-element_type=\"widget\" data-e-type=\"widget\" data-widget_type=\"spacer.default\">\n\t\t\t\t<div class=\"elementor-widget-container\">\n\t\t\t\t\t\t\t<div class=\"elementor-spacer\">\n\t\t\t<div class=\"elementor-spacer-inner\"><\/div>\n\t\t<\/div>\n\t\t\t\t\t\t<\/div>\n\t\t\t\t<\/div>\n\t\t\t\t\t<\/div>\n\t\t\t\t<\/div>\n\t\t<div class=\"elementor-element elementor-element-c66c1f e-flex e-con-boxed e-con e-parent\" data-id=\"c66c1f\" data-element_type=\"container\" data-e-type=\"container\" data-settings=\"{&quot;background_background&quot;:&quot;classic&quot;}\">\n\t\t\t\t\t<div class=\"e-con-inner\">\n\t\t\t\t<div class=\"elementor-element elementor-element-132c4553 elementor-widget elementor-widget-global elementor-global-2218 elementor-widget-heading\" data-id=\"132c4553\" data-element_type=\"widget\" data-e-type=\"widget\" data-widget_type=\"heading.default\">\n\t\t\t\t<div class=\"elementor-widget-container\">\n\t\t\t\t\t<h1 class=\"elementor-heading-title elementor-size-default\">Tendencia de los temas<\/h1>\t\t\t\t<\/div>\n\t\t\t\t<\/div>\n\t\t\t\t<div class=\"elementor-element elementor-element-517eab1e news-grid animated-slow elementor-posts--thumbnail-top elementor-grid-3 elementor-grid-tablet-2 elementor-grid-mobile-1 elementor-widget elementor-widget-global elementor-global-290 elementor-widget-posts\" data-id=\"517eab1e\" data-element_type=\"widget\" data-e-type=\"widget\" data-settings=\"{&quot;custom_row_gap&quot;:{&quot;unit&quot;:&quot;px&quot;,&quot;size&quot;:&quot;&quot;,&quot;sizes&quot;:[]},&quot;_animation&quot;:&quot;none&quot;,&quot;_animation_delay&quot;:1000,&quot;custom_columns&quot;:&quot;3&quot;,&quot;custom_columns_tablet&quot;:&quot;2&quot;,&quot;custom_columns_mobile&quot;:&quot;1&quot;,&quot;custom_row_gap_tablet_extra&quot;:{&quot;unit&quot;:&quot;px&quot;,&quot;size&quot;:&quot;&quot;,&quot;sizes&quot;:[]},&quot;custom_row_gap_tablet&quot;:{&quot;unit&quot;:&quot;px&quot;,&quot;size&quot;:&quot;&quot;,&quot;sizes&quot;:[]},&quot;custom_row_gap_mobile_extra&quot;:{&quot;unit&quot;:&quot;px&quot;,&quot;size&quot;:&quot;&quot;,&quot;sizes&quot;:[]},&quot;custom_row_gap_mobile&quot;:{&quot;unit&quot;:&quot;px&quot;,&quot;size&quot;:&quot;&quot;,&quot;sizes&quot;:[]}}\" data-widget_type=\"posts.custom\">\n\t\t\t\t<div class=\"elementor-widget-container\">\n\t\t\t\t\t      <div class=\"ecs-posts elementor-posts-container elementor-posts   elementor-grid elementor-posts--skin-custom\" data-settings=\"{&quot;current_page&quot;:1,&quot;max_num_pages&quot;:&quot;5&quot;,&quot;load_method&quot;:&quot;&quot;,&quot;widget_id&quot;:&quot;517eab1e&quot;,&quot;post_id&quot;:14042,&quot;theme_id&quot;:14042,&quot;change_url&quot;:false,&quot;reinit_js&quot;:false}\">\n      \t\t<article id=\"post-37184\" class=\"elementor-post elementor-grid-item ecs-post-loop post-37184 post type-post status-publish format-standard has-post-thumbnail hentry category-the-teen-scene\">\n\t\t\t\t<aside data-elementor-type=\"loop\" data-elementor-id=\"13165\" class=\"elementor elementor-13165 post-37184 post type-post status-publish format-standard has-post-thumbnail hentry category-the-teen-scene\" data-elementor-post-type=\"elementor_library\">\n\t\t\t<div class=\"elementor-element elementor-element-184fed8 post-teaser e-flex e-con-boxed e-con e-parent\" data-id=\"184fed8\" data-element_type=\"container\" data-e-type=\"container\" data-settings=\"{&quot;background_background&quot;:&quot;classic&quot;}\">\n\t\t\t\t\t<div class=\"e-con-inner\">\n\t\t<div class=\"elementor-element elementor-element-aeeaf15 post-img e-con-full e-flex e-con e-child\" data-id=\"aeeaf15\" data-element_type=\"container\" data-e-type=\"container\">\n\t\t\t\t<div class=\"elementor-element elementor-element-896f283 post-img elementor-widget elementor-widget-image\" data-id=\"896f283\" data-element_type=\"widget\" data-e-type=\"widget\" data-widget_type=\"image.default\">\n\t\t\t\t<div class=\"elementor-widget-container\">\n\t\t\t\t\t\t\t\t\t\t\t\t\t\t\t\t<a href=\"https:\/\/rizecu.com\/es\/article\/make-the-most-of-your-money\/\">\n\t\t\t\t\t\t\t<img fetchpriority=\"high\" decoding=\"async\" width=\"600\" height=\"460\" src=\"https:\/\/rizecu.com\/wp-content\/uploads\/2511-Teens-Money-teaser.webp\" class=\"attachment-large size-large wp-image-37186\" alt=\"teen girl wearing headphones and holding her phone\" srcset=\"https:\/\/rizecu.com\/wp-content\/uploads\/2511-Teens-Money-teaser.webp 600w, https:\/\/rizecu.com\/wp-content\/uploads\/2511-Teens-Money-teaser-16x12.webp 16w\" sizes=\"(max-width: 600px) 100vw, 600px\" \/>\t\t\t\t\t\t\t\t<\/a>\n\t\t\t\t\t\t\t\t\t\t\t\t\t\t\t<\/div>\n\t\t\t\t<\/div>\n\t\t\t\t<\/div>\n\t\t<div class=\"elementor-element elementor-element-022de13 post-info e-con-full e-flex e-con e-child\" data-id=\"022de13\" data-element_type=\"container\" data-e-type=\"container\">\n\t\t\t\t<div class=\"elementor-element elementor-element-585497d post-title elementor-widget elementor-widget-theme-post-title elementor-page-title elementor-widget-heading\" data-id=\"585497d\" data-element_type=\"widget\" data-e-type=\"widget\" data-widget_type=\"theme-post-title.default\">\n\t\t\t\t<div class=\"elementor-widget-container\">\n\t\t\t\t\t<p class=\"elementor-heading-title elementor-size-default\"><a href=\"https:\/\/rizecu.com\/es\/article\/make-the-most-of-your-money\/\">How to make the most of your money (even if you don\u2019t have much yet)<\/a><\/p>\t\t\t\t<\/div>\n\t\t\t\t<\/div>\n\t\t\t\t<\/div>\n\t\t\t\t\t<\/div>\n\t\t\t\t<\/div>\n\t\t\t\t<\/aside>\n\t\t\t\t<\/article>\n\t\t\t\t<article id=\"post-37173\" class=\"elementor-post elementor-grid-item ecs-post-loop post-37173 post type-post status-publish format-standard has-post-thumbnail hentry category-personal-finance\">\n\t\t\t\t<aside data-elementor-type=\"loop\" data-elementor-id=\"13165\" class=\"elementor elementor-13165 post-37173 post type-post status-publish format-standard has-post-thumbnail hentry category-personal-finance\" data-elementor-post-type=\"elementor_library\">\n\t\t\t<div class=\"elementor-element elementor-element-184fed8 post-teaser e-flex e-con-boxed e-con e-parent\" data-id=\"184fed8\" data-element_type=\"container\" data-e-type=\"container\" data-settings=\"{&quot;background_background&quot;:&quot;classic&quot;}\">\n\t\t\t\t\t<div class=\"e-con-inner\">\n\t\t<div class=\"elementor-element elementor-element-aeeaf15 post-img e-con-full e-flex e-con e-child\" data-id=\"aeeaf15\" data-element_type=\"container\" data-e-type=\"container\">\n\t\t\t\t<div class=\"elementor-element elementor-element-896f283 post-img elementor-widget elementor-widget-image\" data-id=\"896f283\" data-element_type=\"widget\" data-e-type=\"widget\" data-widget_type=\"image.default\">\n\t\t\t\t<div class=\"elementor-widget-container\">\n\t\t\t\t\t\t\t\t\t\t\t\t\t\t\t\t<a href=\"https:\/\/rizecu.com\/es\/article\/gratitude-and-your-finances\/\">\n\t\t\t\t\t\t\t<img decoding=\"async\" width=\"600\" height=\"460\" data-src=\"https:\/\/rizecu.com\/wp-content\/uploads\/2511-Personal-Gratitude-teaser.webp\" class=\"attachment-large size-large wp-image-37175 lazyload\" alt=\"leaf with heart cut out of it\" data-srcset=\"https:\/\/rizecu.com\/wp-content\/uploads\/2511-Personal-Gratitude-teaser.webp 600w, https:\/\/rizecu.com\/wp-content\/uploads\/2511-Personal-Gratitude-teaser-16x12.webp 16w\" data-sizes=\"(max-width: 600px) 100vw, 600px\" src=\"data:image\/svg+xml;base64,PHN2ZyB3aWR0aD0iMSIgaGVpZ2h0PSIxIiB4bWxucz0iaHR0cDovL3d3dy53My5vcmcvMjAwMC9zdmciPjwvc3ZnPg==\" style=\"--smush-placeholder-width: 600px; --smush-placeholder-aspect-ratio: 600\/460;\" \/>\t\t\t\t\t\t\t\t<\/a>\n\t\t\t\t\t\t\t\t\t\t\t\t\t\t\t<\/div>\n\t\t\t\t<\/div>\n\t\t\t\t<\/div>\n\t\t<div class=\"elementor-element elementor-element-022de13 post-info e-con-full e-flex e-con e-child\" data-id=\"022de13\" data-element_type=\"container\" data-e-type=\"container\">\n\t\t\t\t<div class=\"elementor-element elementor-element-585497d post-title elementor-widget elementor-widget-theme-post-title elementor-page-title elementor-widget-heading\" data-id=\"585497d\" data-element_type=\"widget\" data-e-type=\"widget\" data-widget_type=\"theme-post-title.default\">\n\t\t\t\t<div class=\"elementor-widget-container\">\n\t\t\t\t\t<p class=\"elementor-heading-title elementor-size-default\"><a href=\"https:\/\/rizecu.com\/es\/article\/gratitude-and-your-finances\/\">Gratitude &#038; your finances \u2013 why thankfulness can make you wealthier<\/a><\/p>\t\t\t\t<\/div>\n\t\t\t\t<\/div>\n\t\t\t\t<\/div>\n\t\t\t\t\t<\/div>\n\t\t\t\t<\/div>\n\t\t\t\t<\/aside>\n\t\t\t\t<\/article>\n\t\t\t\t<article id=\"post-36602\" class=\"elementor-post elementor-grid-item ecs-post-loop post-36602 post type-post status-publish format-standard has-post-thumbnail hentry category-fraud-awareness\">\n\t\t\t\t<aside data-elementor-type=\"loop\" data-elementor-id=\"13165\" class=\"elementor elementor-13165 post-36602 post type-post status-publish format-standard has-post-thumbnail hentry category-fraud-awareness\" data-elementor-post-type=\"elementor_library\">\n\t\t\t<div class=\"elementor-element elementor-element-184fed8 post-teaser e-flex e-con-boxed e-con e-parent\" data-id=\"184fed8\" data-element_type=\"container\" data-e-type=\"container\" data-settings=\"{&quot;background_background&quot;:&quot;classic&quot;}\">\n\t\t\t\t\t<div class=\"e-con-inner\">\n\t\t<div class=\"elementor-element elementor-element-aeeaf15 post-img e-con-full e-flex e-con e-child\" data-id=\"aeeaf15\" data-element_type=\"container\" data-e-type=\"container\">\n\t\t\t\t<div class=\"elementor-element elementor-element-896f283 post-img elementor-widget elementor-widget-image\" data-id=\"896f283\" data-element_type=\"widget\" data-e-type=\"widget\" data-widget_type=\"image.default\">\n\t\t\t\t<div class=\"elementor-widget-container\">\n\t\t\t\t\t\t\t\t\t\t\t\t\t\t\t\t<a href=\"https:\/\/rizecu.com\/es\/article\/holiday-scams\/\">\n\t\t\t\t\t\t\t<img decoding=\"async\" width=\"600\" height=\"460\" data-src=\"https:\/\/rizecu.com\/wp-content\/uploads\/2511-Fraud-Holiday-Scams-teaser.webp\" class=\"attachment-large size-large wp-image-36604 lazyload\" alt=\"person using credit card on laptop\" data-srcset=\"https:\/\/rizecu.com\/wp-content\/uploads\/2511-Fraud-Holiday-Scams-teaser.webp 600w, https:\/\/rizecu.com\/wp-content\/uploads\/2511-Fraud-Holiday-Scams-teaser-16x12.webp 16w\" data-sizes=\"(max-width: 600px) 100vw, 600px\" src=\"data:image\/svg+xml;base64,PHN2ZyB3aWR0aD0iMSIgaGVpZ2h0PSIxIiB4bWxucz0iaHR0cDovL3d3dy53My5vcmcvMjAwMC9zdmciPjwvc3ZnPg==\" style=\"--smush-placeholder-width: 600px; --smush-placeholder-aspect-ratio: 600\/460;\" \/>\t\t\t\t\t\t\t\t<\/a>\n\t\t\t\t\t\t\t\t\t\t\t\t\t\t\t<\/div>\n\t\t\t\t<\/div>\n\t\t\t\t<\/div>\n\t\t<div class=\"elementor-element elementor-element-022de13 post-info e-con-full e-flex e-con e-child\" data-id=\"022de13\" data-element_type=\"container\" data-e-type=\"container\">\n\t\t\t\t<div class=\"elementor-element elementor-element-585497d post-title elementor-widget elementor-widget-theme-post-title elementor-page-title elementor-widget-heading\" data-id=\"585497d\" data-element_type=\"widget\" data-e-type=\"widget\" data-widget_type=\"theme-post-title.default\">\n\t\t\t\t<div class=\"elementor-widget-container\">\n\t\t\t\t\t<p class=\"elementor-heading-title elementor-size-default\"><a href=\"https:\/\/rizecu.com\/es\/article\/holiday-scams\/\">Volvieron los fraudes navide\u00f1os. Aqu\u00ed te contamos c\u00f3mo evitar caer en la trampa<\/a><\/p>\t\t\t\t<\/div>\n\t\t\t\t<\/div>\n\t\t\t\t<\/div>\n\t\t\t\t\t<\/div>\n\t\t\t\t<\/div>\n\t\t\t\t<\/aside>\n\t\t\t\t<\/article>\n\t\t\t\t<\/div>\n\t\t\t\t\t\t<\/div>\n\t\t\t\t<\/div>\n\t\t\t\t\t<\/div>\n\t\t\t\t<\/div>\n\t\t<div class=\"elementor-element elementor-element-4a29e3c e-flex e-con-boxed e-con e-parent\" data-id=\"4a29e3c\" data-element_type=\"container\" data-e-type=\"container\" data-settings=\"{&quot;background_background&quot;:&quot;gradient&quot;}\">\n\t\t\t\t\t<div class=\"e-con-inner\">\n\t\t\t\t<div class=\"elementor-element elementor-element-c1b43ee elementor-widget elementor-widget-spacer\" data-id=\"c1b43ee\" data-element_type=\"widget\" data-e-type=\"widget\" data-widget_type=\"spacer.default\">\n\t\t\t\t<div class=\"elementor-widget-container\">\n\t\t\t\t\t\t\t<div class=\"elementor-spacer\">\n\t\t\t<div class=\"elementor-spacer-inner\"><\/div>\n\t\t<\/div>\n\t\t\t\t\t\t<\/div>\n\t\t\t\t<\/div>\n\t\t\t\t\t<\/div>\n\t\t\t\t<\/div>\n\t\t\t\t<\/div>","protected":false},"excerpt":{"rendered":"<p>DIGITAL BANKING Bank on your terms with our secure and convenient digital services, giving you the flexibility to manage your finances anytime, anywhere. To request your digital banking profile be removed, send an email to RemoveProfile@RizeCU.com. Trending Topics<\/p>","protected":false},"author":5,"featured_media":0,"parent":0,"menu_order":0,"comment_status":"closed","ping_status":"closed","template":"","meta":{"_acf_changed":false,"inline_featured_image":false,"footnotes":""},"class_list":["post-14042","page","type-page","status-publish","hentry"],"acf":[],"yoast_head":"<!-- This site is optimized with the Yoast SEO plugin v27.3 - https:\/\/yoast.com\/product\/yoast-seo-wordpress\/ -->\n<title>Digital Banking | Rize Credit Union<\/title>\n<meta name=\"robots\" content=\"index, follow, max-snippet:-1, max-image-preview:large, max-video-preview:-1\" \/>\n<link rel=\"canonical\" href=\"https:\/\/rizecu.com\/es\/banca-digital\/\" \/>\n<meta property=\"og:locale\" content=\"es_MX\" \/>\n<meta property=\"og:type\" content=\"article\" \/>\n<meta property=\"og:title\" content=\"Digital Banking | Rize Credit Union\" \/>\n<meta property=\"og:description\" content=\"DIGITAL BANKING Bank on your terms with our secure and convenient digital services, giving you the flexibility to manage your finances anytime, anywhere. To request your digital banking profile be removed, send an email to RemoveProfile@RizeCU.com. Trending Topics\" \/>\n<meta property=\"og:url\" content=\"https:\/\/rizecu.com\/es\/banca-digital\/\" \/>\n<meta property=\"og:site_name\" content=\"Rize Credit Union\" \/>\n<meta property=\"article:publisher\" content=\"https:\/\/www.facebook.com\/RizeCreditUnion\" \/>\n<meta property=\"article:modified_time\" content=\"2025-06-30T17:15:08+00:00\" \/>\n<meta property=\"og:image\" content=\"https:\/\/rizecu.com\/wp-content\/uploads\/rize-bneyond-banking.jpg\" \/>\n\t<meta property=\"og:image:width\" content=\"560\" \/>\n\t<meta property=\"og:image:height\" content=\"332\" \/>\n\t<meta property=\"og:image:type\" content=\"image\/jpeg\" \/>\n<meta name=\"twitter:card\" content=\"summary_large_image\" \/>\n<meta name=\"twitter:site\" content=\"@RizeCreditUnion\" \/>\n<script type=\"application\/ld+json\" class=\"yoast-schema-graph\">{\"@context\":\"https:\\\/\\\/schema.org\",\"@graph\":[{\"@type\":\"WebPage\",\"@id\":\"https:\\\/\\\/rizecu.com\\\/digital-banking\\\/\",\"url\":\"https:\\\/\\\/rizecu.com\\\/digital-banking\\\/\",\"name\":\"Digital Banking | Rize Credit Union\",\"isPartOf\":{\"@id\":\"https:\\\/\\\/rizecu.com\\\/#website\"},\"datePublished\":\"2024-06-04T17:05:29+00:00\",\"dateModified\":\"2025-06-30T17:15:08+00:00\",\"breadcrumb\":{\"@id\":\"https:\\\/\\\/rizecu.com\\\/digital-banking\\\/#breadcrumb\"},\"inLanguage\":\"es\",\"potentialAction\":[{\"@type\":\"ReadAction\",\"target\":[\"https:\\\/\\\/rizecu.com\\\/digital-banking\\\/\"]}]},{\"@type\":\"BreadcrumbList\",\"@id\":\"https:\\\/\\\/rizecu.com\\\/digital-banking\\\/#breadcrumb\",\"itemListElement\":[{\"@type\":\"ListItem\",\"position\":1,\"name\":\"Home\",\"item\":\"https:\\\/\\\/rizecu.com\\\/\"},{\"@type\":\"ListItem\",\"position\":2,\"name\":\"Digital Banking\"}]},{\"@type\":\"WebSite\",\"@id\":\"https:\\\/\\\/rizecu.com\\\/#website\",\"url\":\"https:\\\/\\\/rizecu.com\\\/\",\"name\":\"Rize Credit Union\",\"description\":\"Beyond Banking\",\"publisher\":{\"@id\":\"https:\\\/\\\/rizecu.com\\\/#organization\"},\"alternateName\":\"Rize CU\",\"potentialAction\":[{\"@type\":\"SearchAction\",\"target\":{\"@type\":\"EntryPoint\",\"urlTemplate\":\"https:\\\/\\\/rizecu.com\\\/?s={search_term_string}\"},\"query-input\":{\"@type\":\"PropertyValueSpecification\",\"valueRequired\":true,\"valueName\":\"search_term_string\"}}],\"inLanguage\":\"es\"},{\"@type\":\"Organization\",\"@id\":\"https:\\\/\\\/rizecu.com\\\/#organization\",\"name\":\"Rize Credit Union\",\"alternateName\":\"Rize CU\",\"url\":\"https:\\\/\\\/rizecu.com\\\/\",\"logo\":{\"@type\":\"ImageObject\",\"inLanguage\":\"es\",\"@id\":\"https:\\\/\\\/rizecu.com\\\/#\\\/schema\\\/logo\\\/image\\\/\",\"url\":\"https:\\\/\\\/rizecu.com\\\/wp-content\\\/uploads\\\/rize-bneyond-banking.jpg\",\"contentUrl\":\"https:\\\/\\\/rizecu.com\\\/wp-content\\\/uploads\\\/rize-bneyond-banking.jpg\",\"width\":560,\"height\":332,\"caption\":\"Rize Credit Union\"},\"image\":{\"@id\":\"https:\\\/\\\/rizecu.com\\\/#\\\/schema\\\/logo\\\/image\\\/\"},\"sameAs\":[\"https:\\\/\\\/www.facebook.com\\\/RizeCreditUnion\",\"https:\\\/\\\/x.com\\\/RizeCreditUnion\",\"https:\\\/\\\/www.linkedin.com\\\/company\\\/rize-credit-union\",\"https:\\\/\\\/www.instagram.com\\\/rize_creditunion\\\/\",\"https:\\\/\\\/x.com\\\/Rize_cu\"]}]}<\/script>\n<!-- \/ Yoast SEO plugin. -->","yoast_head_json":{"title":"Digital Banking | Rize Credit Union","robots":{"index":"index","follow":"follow","max-snippet":"max-snippet:-1","max-image-preview":"max-image-preview:large","max-video-preview":"max-video-preview:-1"},"canonical":"https:\/\/rizecu.com\/es\/banca-digital\/","og_locale":"es_MX","og_type":"article","og_title":"Digital Banking | Rize Credit Union","og_description":"DIGITAL BANKING Bank on your terms with our secure and convenient digital services, giving you the flexibility to manage your finances anytime, anywhere. To request your digital banking profile be removed, send an email to RemoveProfile@RizeCU.com. Trending Topics","og_url":"https:\/\/rizecu.com\/es\/banca-digital\/","og_site_name":"Rize Credit Union","article_publisher":"https:\/\/www.facebook.com\/RizeCreditUnion","article_modified_time":"2025-06-30T17:15:08+00:00","og_image":[{"width":560,"height":332,"url":"https:\/\/rizecu.com\/wp-content\/uploads\/rize-bneyond-banking.jpg","type":"image\/jpeg"}],"twitter_card":"summary_large_image","twitter_site":"@RizeCreditUnion","schema":{"@context":"https:\/\/schema.org","@graph":[{"@type":"WebPage","@id":"https:\/\/rizecu.com\/digital-banking\/","url":"https:\/\/rizecu.com\/digital-banking\/","name":"Digital Banking | Rize Credit Union","isPartOf":{"@id":"https:\/\/rizecu.com\/#website"},"datePublished":"2024-06-04T17:05:29+00:00","dateModified":"2025-06-30T17:15:08+00:00","breadcrumb":{"@id":"https:\/\/rizecu.com\/digital-banking\/#breadcrumb"},"inLanguage":"es","potentialAction":[{"@type":"ReadAction","target":["https:\/\/rizecu.com\/digital-banking\/"]}]},{"@type":"BreadcrumbList","@id":"https:\/\/rizecu.com\/digital-banking\/#breadcrumb","itemListElement":[{"@type":"ListItem","position":1,"name":"Home","item":"https:\/\/rizecu.com\/"},{"@type":"ListItem","position":2,"name":"Digital Banking"}]},{"@type":"WebSite","@id":"https:\/\/rizecu.com\/#website","url":"https:\/\/rizecu.com\/","name":"Rize Credit Union","description":"Beyond Banking","publisher":{"@id":"https:\/\/rizecu.com\/#organization"},"alternateName":"Rize CU","potentialAction":[{"@type":"SearchAction","target":{"@type":"EntryPoint","urlTemplate":"https:\/\/rizecu.com\/?s={search_term_string}"},"query-input":{"@type":"PropertyValueSpecification","valueRequired":true,"valueName":"search_term_string"}}],"inLanguage":"es"},{"@type":"Organization","@id":"https:\/\/rizecu.com\/#organization","name":"Rize Credit Union","alternateName":"Rize CU","url":"https:\/\/rizecu.com\/","logo":{"@type":"ImageObject","inLanguage":"es","@id":"https:\/\/rizecu.com\/#\/schema\/logo\/image\/","url":"https:\/\/rizecu.com\/wp-content\/uploads\/rize-bneyond-banking.jpg","contentUrl":"https:\/\/rizecu.com\/wp-content\/uploads\/rize-bneyond-banking.jpg","width":560,"height":332,"caption":"Rize Credit Union"},"image":{"@id":"https:\/\/rizecu.com\/#\/schema\/logo\/image\/"},"sameAs":["https:\/\/www.facebook.com\/RizeCreditUnion","https:\/\/x.com\/RizeCreditUnion","https:\/\/www.linkedin.com\/company\/rize-credit-union","https:\/\/www.instagram.com\/rize_creditunion\/","https:\/\/x.com\/Rize_cu"]}]}},"publishpress_future_action":{"enabled":false,"date":"2026-05-06 13:17:58","action":"change-status","newStatus":"draft","terms":[],"taxonomy":"","extraData":[]},"publishpress_future_workflow_manual_trigger":{"enabledWorkflows":[]},"_links":{"self":[{"href":"https:\/\/rizecu.com\/es\/wp-json\/wp\/v2\/pages\/14042","targetHints":{"allow":["GET"]}}],"collection":[{"href":"https:\/\/rizecu.com\/es\/wp-json\/wp\/v2\/pages"}],"about":[{"href":"https:\/\/rizecu.com\/es\/wp-json\/wp\/v2\/types\/page"}],"author":[{"embeddable":true,"href":"https:\/\/rizecu.com\/es\/wp-json\/wp\/v2\/users\/5"}],"replies":[{"embeddable":true,"href":"https:\/\/rizecu.com\/es\/wp-json\/wp\/v2\/comments?post=14042"}],"version-history":[{"count":0,"href":"https:\/\/rizecu.com\/es\/wp-json\/wp\/v2\/pages\/14042\/revisions"}],"wp:attachment":[{"href":"https:\/\/rizecu.com\/es\/wp-json\/wp\/v2\/media?parent=14042"}],"curies":[{"name":"wp","href":"https:\/\/api.w.org\/{rel}","templated":true}]}}