{"id":13504,"date":"2024-05-15T16:34:29","date_gmt":"2024-05-15T23:34:29","guid":{"rendered":"https:\/\/scefcu.org\/?page_id=13504"},"modified":"2025-11-26T08:38:21","modified_gmt":"2025-11-26T16:38:21","slug":"tasas-certificados","status":"publish","type":"page","link":"https:\/\/rizecu.com\/es\/deposit-rates\/certificate-rates\/","title":{"rendered":"Tasas de certificados"},"content":{"rendered":"<div data-elementor-type=\"wp-page\" data-elementor-id=\"13504\" class=\"elementor elementor-13504\" data-elementor-post-type=\"page\">\n\t\t\t\t<div class=\"elementor-element elementor-element-4d309f3a banner e-flex e-con-boxed e-con e-parent\" data-id=\"4d309f3a\" data-element_type=\"container\" data-e-type=\"container\" id=\"banner\" data-settings=\"{&quot;background_background&quot;:&quot;gradient&quot;}\">\n\t\t\t\t\t<div class=\"e-con-inner\">\n\t\t<div class=\"elementor-element elementor-element-1e2d920 e-con-full banner-inner animated-slow e-flex elementor-invisible e-con e-child\" data-id=\"1e2d920\" data-element_type=\"container\" data-e-type=\"container\" id=\"banner-inner\" data-settings=\"{&quot;animation&quot;:&quot;fadeInLeft&quot;,&quot;animation_delay&quot;:200}\">\n\t\t\t\t<div class=\"elementor-element elementor-element-21b786c animated-slow elementor-widget elementor-widget-heading\" data-id=\"21b786c\" data-element_type=\"widget\" data-e-type=\"widget\" data-settings=\"{&quot;_animation&quot;:&quot;none&quot;,&quot;_animation_delay&quot;:200}\" data-widget_type=\"heading.default\">\n\t\t\t\t<div class=\"elementor-widget-container\">\n\t\t\t\t\t<h1 class=\"elementor-heading-title elementor-size-default\">TARIFAS DE CERTIFICADO<\/h1>\t\t\t\t<\/div>\n\t\t\t\t<\/div>\n\t\t\t\t<div class=\"elementor-element elementor-element-76bff58 elementor-widget elementor-widget-global elementor-global-13631 elementor-widget-text-editor\" data-id=\"76bff58\" data-element_type=\"widget\" data-e-type=\"widget\" data-widget_type=\"text-editor.default\">\n\t\t\t\t<div class=\"elementor-widget-container\">\n\t\t\t\t\t\t\t\t\t<p>Effective April 1, 2026<\/p>\t\t\t\t\t\t\t\t<\/div>\n\t\t\t\t<\/div>\n\t\t\t\t<\/div>\n\t\t\t\t\t<\/div>\n\t\t\t\t<\/div>\n\t\t<div class=\"elementor-element elementor-element-14c595e animated-slow e-flex e-con-boxed elementor-invisible e-con e-parent\" data-id=\"14c595e\" data-element_type=\"container\" data-e-type=\"container\" data-settings=\"{&quot;animation&quot;:&quot;fadeInLeft&quot;,&quot;animation_delay&quot;:300}\">\n\t\t\t\t\t<div class=\"e-con-inner\">\n\t\t\t\t<div class=\"elementor-element elementor-element-7988a3dc elementor-widget elementor-widget-breadcrumbs\" data-id=\"7988a3dc\" data-element_type=\"widget\" data-e-type=\"widget\" data-widget_type=\"breadcrumbs.default\">\n\t\t\t\t<div class=\"elementor-widget-container\">\n\t\t\t\t\t<p id=\"breadcrumbs\"><span><span><a href=\"https:\/\/rizecu.com\/es\/\">Home<\/a><\/span><\/span><\/p>\t\t\t\t<\/div>\n\t\t\t\t<\/div>\n\t\t\t\t\t<\/div>\n\t\t\t\t<\/div>\n\t\t<div class=\"elementor-element elementor-element-19b6cec animated-slow e-flex e-con-boxed elementor-invisible e-con e-parent\" data-id=\"19b6cec\" data-element_type=\"container\" data-e-type=\"container\" id=\"main\" data-settings=\"{&quot;animation&quot;:&quot;fadeInLeft&quot;,&quot;animation_delay&quot;:300}\">\n\t\t\t\t\t<div class=\"e-con-inner\">\n\t\t<div class=\"elementor-element elementor-element-f6bfec1 e-con-full e-flex e-con e-child\" data-id=\"f6bfec1\" data-element_type=\"container\" data-e-type=\"container\">\n\t\t\t\t<div class=\"elementor-element elementor-element-c692089 elementor-widget elementor-widget-text-editor\" data-id=\"c692089\" data-element_type=\"widget\" data-e-type=\"widget\" data-widget_type=\"text-editor.default\">\n\t\t\t\t<div class=\"elementor-widget-container\">\n\t\t\t\t\t\t\t\t\t<p><span style=\"font-size: 24px; color: #3d1054;\">Cuentas de Certificaods<\/span><span style=\"font-size: 24px;\"><span style=\"font-size: 16px;\"> ( no IRA)<\/span><\/span><\/p>\t\t\t\t\t\t\t\t<\/div>\n\t\t\t\t<\/div>\n\t\t\t\t<div class=\"elementor-element elementor-element-c72565a elementor-widget elementor-widget-shortcode\" data-id=\"c72565a\" data-element_type=\"widget\" data-e-type=\"widget\" data-widget_type=\"shortcode.default\">\n\t\t\t\t<div class=\"elementor-widget-container\">\n\t\t\t\t\t\t\t<div class=\"elementor-shortcode\"><div id=\"footable_parent_13451\"\n         class=\"footable_parent ninja_table_wrapper loading_ninja_table wp_table_data_press_parent semantic_ui colored_table\">\n                <table data-ninja_table_instance=\"ninja_table_instance_0\" data-footable_id=\"13451\" data-filter-delay=\"1000\" aria-label=\"Rates - Traditional Certificate Accounts\"            id=\"footable_13451\"\n           data-unique_identifier=\"ninja_table_unique_id_789380425_13451\"\n           class=\"foo-table ninja_footable foo_table_13451 ninja_table_unique_id_789380425_13451 ui table  ninja_search_right nt_type_legacy_table vertical_centered ninja_custom_color inverted footable-paging-right ninja_table_search_disabled ninja_table_pro\">\n                <colgroup>\n                            <col class=\"ninja_column_0\">\n                            <col class=\"ninja_column_1\">\n                            <col class=\"ninja_column_2\">\n                    <\/colgroup>\n        <thead>\n<tr class=\"footable-header\">\n                                                        <th scope=\"col\"  class=\"ninja_column_0 ninja_clmn_nm_term_sup_6_sup\">T\u00e9rmino<sup>5<\/sup><\/th><th scope=\"col\"  class=\"ninja_column_1 ninja_clmn_nm_dividends\">Dividendos<\/th><th scope=\"col\"  class=\"ninja_column_2 ninja_clmn_nm_apy\">APY<\/th><\/tr>\n<\/thead>\n<tbody>\n\n        <tr data-row_id=\"49\" class=\"ninja_table_row_0 nt_row_id_49\">\n            <td>91 d\u00edas<\/td><td>0.75%<\/td><td>0.75%<\/td>        <\/tr>\n            <tr data-row_id=\"50\" class=\"ninja_table_row_1 nt_row_id_50\">\n            <td>6 meses<\/td><td>1.74%<\/td><td>1.75%<\/td>        <\/tr>\n            <tr data-row_id=\"51\" class=\"ninja_table_row_2 nt_row_id_51\">\n            <td>12 meses<\/td><td>3.69%<\/td><td>3.75%<\/td>        <\/tr>\n            <tr data-row_id=\"52\" class=\"ninja_table_row_3 nt_row_id_52\">\n            <td>18 meses<\/td><td>3.20%<\/td><td>3.25%<\/td>        <\/tr>\n            <tr data-row_id=\"53\" class=\"ninja_table_row_4 nt_row_id_53\">\n            <td>24 meses<\/td><td>3.20%<\/td><td>3.25%<\/td>        <\/tr>\n            <tr data-row_id=\"213\" class=\"ninja_table_row_5 nt_row_id_213\">\n            <td>24 meses Certificado de Impacto<sup>6<\/sup><\/td><td>2.96%<\/td><td>3.00%<\/td>        <\/tr>\n            <tr data-row_id=\"54\" class=\"ninja_table_row_6 nt_row_id_54\">\n            <td>36 meses<\/td><td>3.20%<\/td><td>3.25%<\/td>        <\/tr>\n            <tr data-row_id=\"55\" class=\"ninja_table_row_7 nt_row_id_55\">\n            <td>48 meses<\/td><td>3.45%<\/td><td>3.50%<\/td>        <\/tr>\n            <tr data-row_id=\"56\" class=\"ninja_table_row_8 nt_row_id_56\">\n            <td>60 meses<\/td><td>3.40%<\/td><td>3.45%<\/td>        <\/tr>\n    <\/tbody><!--ninja_tobody_rendering_done-->\n    <\/table>\n    \n    \n    \n<\/div>\n<\/div>\n\t\t\t\t\t\t<\/div>\n\t\t\t\t<\/div>\n\t\t\t\t<\/div>\n\t\t<div class=\"elementor-element elementor-element-c4ae765 e-con-full e-flex e-con e-child\" data-id=\"c4ae765\" data-element_type=\"container\" data-e-type=\"container\">\n\t\t\t\t<div class=\"elementor-element elementor-element-0dbeb13 elementor-widget elementor-widget-text-editor\" data-id=\"0dbeb13\" data-element_type=\"widget\" data-e-type=\"widget\" data-widget_type=\"text-editor.default\">\n\t\t\t\t<div class=\"elementor-widget-container\">\n\t\t\t\t\t\t\t\t\t<p><span style=\"font-size: 24px; color: #3d1054;\">Certificados que ofrecemos:<\/span><\/p>\t\t\t\t\t\t\t\t<\/div>\n\t\t\t\t<\/div>\n\t\t\t\t<div class=\"elementor-element elementor-element-8b8f0b6 elementor-widget elementor-widget-button\" data-id=\"8b8f0b6\" data-element_type=\"widget\" data-e-type=\"widget\" data-widget_type=\"button.default\">\n\t\t\t\t<div class=\"elementor-widget-container\">\n\t\t\t\t\t\t\t\t\t<div class=\"elementor-button-wrapper\">\n\t\t\t\t\t<a class=\"elementor-button elementor-button-link elementor-size-sm\" href=\"\/es\/inversion\/certificado\/\" title=\"Traditional certificates\">\n\t\t\t\t\t\t<span class=\"elementor-button-content-wrapper\">\n\t\t\t\t\t\t\t\t\t<span class=\"elementor-button-text\">Certificado<\/span>\n\t\t\t\t\t<\/span>\n\t\t\t\t\t<\/a>\n\t\t\t\t<\/div>\n\t\t\t\t\t\t\t\t<\/div>\n\t\t\t\t<\/div>\n\t\t\t\t<div class=\"elementor-element elementor-element-c9cde90 elementor-widget elementor-widget-button\" data-id=\"c9cde90\" data-element_type=\"widget\" data-e-type=\"widget\" data-widget_type=\"button.default\">\n\t\t\t\t<div class=\"elementor-widget-container\">\n\t\t\t\t\t\t\t\t\t<div class=\"elementor-button-wrapper\">\n\t\t\t\t\t<a class=\"elementor-button elementor-button-link elementor-size-sm\" href=\"\/es\/inversion\/certificado-impacto\/\" title=\"Certificado de impacto\">\n\t\t\t\t\t\t<span class=\"elementor-button-content-wrapper\">\n\t\t\t\t\t\t\t\t\t<span class=\"elementor-button-text\">Certificado de impacto<\/span>\n\t\t\t\t\t<\/span>\n\t\t\t\t\t<\/a>\n\t\t\t\t<\/div>\n\t\t\t\t\t\t\t\t<\/div>\n\t\t\t\t<\/div>\n\t\t\t\t<\/div>\n\t\t\t\t\t<\/div>\n\t\t\t\t<\/div>\n\t\t<div class=\"elementor-element elementor-element-7d6f512 animated-slow e-flex e-con-boxed elementor-invisible e-con e-parent\" data-id=\"7d6f512\" data-element_type=\"container\" data-e-type=\"container\" data-settings=\"{&quot;animation&quot;:&quot;fadeInLeft&quot;,&quot;animation_delay&quot;:300}\">\n\t\t\t\t\t<div class=\"e-con-inner\">\n\t\t\t\t<div class=\"elementor-element elementor-element-62f9fbe elementor-widget elementor-widget-text-editor\" data-id=\"62f9fbe\" data-element_type=\"widget\" data-e-type=\"widget\" data-widget_type=\"text-editor.default\">\n\t\t\t\t<div class=\"elementor-widget-container\">\n\t\t\t\t\t\t\t\t\t<p><span style=\"font-size: 14.4px;\">APY = Porcentaje de rendimiento anual. El APY refleja la tasa efectiva ganada debido al inter\u00e9s compuesto. Los dividendos se calculan seg\u00fan el M\u00e9todo de Saldo Diario.<\/span><\/p><p><span style=\"font-family: var( --e-global-typography-6c41545-font-family ), Sans-serif; text-align: var(--text-align); color: var( --e-global-color-056978a );\">Tasas sujetas a cambios sin notificaci\u00f3n previa.<\/span><\/p><p><sup>5<\/sup>El retiro anticipado est\u00e1 sujeto a penalizaci\u00f3n en todos los certificados y podr\u00eda reducir las ganancias en la cuenta.<\/p><p><sup>6<\/sup>Se har\u00e1 una donaci\u00f3n al centro para el empoderamiento financiero Center for Financial Empowerment (Organizaci\u00f3n) al abrir en l\u00ednea un nuevo Certificado de Impacto Impact Certificate en Rize Federal Credit Union (Rize CU). La donaci\u00f3n se pagar\u00e1 a la Organizaci\u00f3n de la siguiente manera: 2% de dep\u00f3sito de apertura, que ser\u00e1 pagado por Rize CU a la Organizaci\u00f3n durante un per\u00edodo de 12 meses. Esta donaci\u00f3n no es deducible de impuestos. Si se retira alguna parte del saldo original del Certificado antes de que finalice el t\u00e9rmino original, se perder\u00e1 el monto restante que se pagar\u00e1 a la Organizaci\u00f3n.<\/p>\t\t\t\t\t\t\t\t<\/div>\n\t\t\t\t<\/div>\n\t\t\t\t\t<\/div>\n\t\t\t\t<\/div>\n\t\t\t\t<\/div>","protected":false},"excerpt":{"rendered":"<p>Often called \u201cCDs\u201d at banks, our federally insured Certificates offer competitive rates and guaranteed returns \u2013 so your savings can grow with confidence.<\/p>","protected":false},"author":5,"featured_media":0,"parent":13506,"menu_order":0,"comment_status":"closed","ping_status":"closed","template":"","meta":{"_acf_changed":false,"inline_featured_image":false,"footnotes":""},"class_list":["post-13504","page","type-page","status-publish","hentry"],"acf":[],"yoast_head":"<!-- This site is optimized with the Yoast SEO plugin v27.3 - https:\/\/yoast.com\/product\/yoast-seo-wordpress\/ -->\n<title>Certificate Rates | Rize Credit Union<\/title>\n<meta name=\"robots\" content=\"index, follow, max-snippet:-1, max-image-preview:large, max-video-preview:-1\" \/>\n<link rel=\"canonical\" href=\"https:\/\/rizecu.com\/es\/tarifas-deposito\/tasas-certificados\/\" \/>\n<meta property=\"og:locale\" content=\"es_MX\" \/>\n<meta property=\"og:type\" content=\"article\" \/>\n<meta property=\"og:title\" content=\"Certificate Rates | Rize Credit Union\" \/>\n<meta property=\"og:description\" content=\"Often called \u201cCDs\u201d at banks, our federally insured Certificates offer competitive rates and guaranteed returns \u2013 so your savings can grow with confidence.\" \/>\n<meta property=\"og:url\" content=\"https:\/\/rizecu.com\/es\/tarifas-deposito\/tasas-certificados\/\" \/>\n<meta property=\"og:site_name\" content=\"Rize Credit Union\" \/>\n<meta property=\"article:publisher\" content=\"https:\/\/www.facebook.com\/RizeCreditUnion\" \/>\n<meta property=\"article:modified_time\" content=\"2025-11-26T16:38:21+00:00\" \/>\n<meta property=\"og:image\" content=\"https:\/\/rizecu.com\/wp-content\/uploads\/rize-bneyond-banking.jpg\" \/>\n\t<meta property=\"og:image:width\" content=\"560\" \/>\n\t<meta property=\"og:image:height\" content=\"332\" \/>\n\t<meta property=\"og:image:type\" content=\"image\/jpeg\" \/>\n<meta name=\"twitter:card\" content=\"summary_large_image\" \/>\n<meta name=\"twitter:site\" content=\"@RizeCreditUnion\" \/>\n<script type=\"application\/ld+json\" class=\"yoast-schema-graph\">{\"@context\":\"https:\\\/\\\/schema.org\",\"@graph\":[{\"@type\":\"WebPage\",\"@id\":\"https:\\\/\\\/rizecu.com\\\/deposit-rates\\\/certificate-rates\\\/\",\"url\":\"https:\\\/\\\/rizecu.com\\\/deposit-rates\\\/certificate-rates\\\/\",\"name\":\"Certificate Rates | Rize Credit Union\",\"isPartOf\":{\"@id\":\"https:\\\/\\\/rizecu.com\\\/#website\"},\"datePublished\":\"2024-05-15T23:34:29+00:00\",\"dateModified\":\"2025-11-26T16:38:21+00:00\",\"breadcrumb\":{\"@id\":\"https:\\\/\\\/rizecu.com\\\/deposit-rates\\\/certificate-rates\\\/#breadcrumb\"},\"inLanguage\":\"es\",\"potentialAction\":[{\"@type\":\"ReadAction\",\"target\":[\"https:\\\/\\\/rizecu.com\\\/deposit-rates\\\/certificate-rates\\\/\"]}]},{\"@type\":\"BreadcrumbList\",\"@id\":\"https:\\\/\\\/rizecu.com\\\/deposit-rates\\\/certificate-rates\\\/#breadcrumb\",\"itemListElement\":[{\"@type\":\"ListItem\",\"position\":1,\"name\":\"Home\",\"item\":\"https:\\\/\\\/rizecu.com\\\/\"},{\"@type\":\"ListItem\",\"position\":2,\"name\":\"Deposit Rates\",\"item\":\"https:\\\/\\\/rizecu.com\\\/deposit-rates\\\/\"},{\"@type\":\"ListItem\",\"position\":3,\"name\":\"Certificate Rates\"}]},{\"@type\":\"WebSite\",\"@id\":\"https:\\\/\\\/rizecu.com\\\/#website\",\"url\":\"https:\\\/\\\/rizecu.com\\\/\",\"name\":\"Rize Credit Union\",\"description\":\"Beyond Banking\",\"publisher\":{\"@id\":\"https:\\\/\\\/rizecu.com\\\/#organization\"},\"alternateName\":\"Rize CU\",\"potentialAction\":[{\"@type\":\"SearchAction\",\"target\":{\"@type\":\"EntryPoint\",\"urlTemplate\":\"https:\\\/\\\/rizecu.com\\\/?s={search_term_string}\"},\"query-input\":{\"@type\":\"PropertyValueSpecification\",\"valueRequired\":true,\"valueName\":\"search_term_string\"}}],\"inLanguage\":\"es\"},{\"@type\":\"Organization\",\"@id\":\"https:\\\/\\\/rizecu.com\\\/#organization\",\"name\":\"Rize Credit Union\",\"alternateName\":\"Rize CU\",\"url\":\"https:\\\/\\\/rizecu.com\\\/\",\"logo\":{\"@type\":\"ImageObject\",\"inLanguage\":\"es\",\"@id\":\"https:\\\/\\\/rizecu.com\\\/#\\\/schema\\\/logo\\\/image\\\/\",\"url\":\"https:\\\/\\\/rizecu.com\\\/wp-content\\\/uploads\\\/rize-bneyond-banking.jpg\",\"contentUrl\":\"https:\\\/\\\/rizecu.com\\\/wp-content\\\/uploads\\\/rize-bneyond-banking.jpg\",\"width\":560,\"height\":332,\"caption\":\"Rize Credit Union\"},\"image\":{\"@id\":\"https:\\\/\\\/rizecu.com\\\/#\\\/schema\\\/logo\\\/image\\\/\"},\"sameAs\":[\"https:\\\/\\\/www.facebook.com\\\/RizeCreditUnion\",\"https:\\\/\\\/x.com\\\/RizeCreditUnion\",\"https:\\\/\\\/www.linkedin.com\\\/company\\\/rize-credit-union\",\"https:\\\/\\\/www.instagram.com\\\/rize_creditunion\\\/\",\"https:\\\/\\\/x.com\\\/Rize_cu\"]}]}<\/script>\n<!-- \/ Yoast SEO plugin. -->","yoast_head_json":{"title":"Certificate Rates | Rize Credit Union","robots":{"index":"index","follow":"follow","max-snippet":"max-snippet:-1","max-image-preview":"max-image-preview:large","max-video-preview":"max-video-preview:-1"},"canonical":"https:\/\/rizecu.com\/es\/tarifas-deposito\/tasas-certificados\/","og_locale":"es_MX","og_type":"article","og_title":"Certificate Rates | Rize Credit Union","og_description":"Often called \u201cCDs\u201d at banks, our federally insured Certificates offer competitive rates and guaranteed returns \u2013 so your savings can grow with confidence.","og_url":"https:\/\/rizecu.com\/es\/tarifas-deposito\/tasas-certificados\/","og_site_name":"Rize Credit Union","article_publisher":"https:\/\/www.facebook.com\/RizeCreditUnion","article_modified_time":"2025-11-26T16:38:21+00:00","og_image":[{"width":560,"height":332,"url":"https:\/\/rizecu.com\/wp-content\/uploads\/rize-bneyond-banking.jpg","type":"image\/jpeg"}],"twitter_card":"summary_large_image","twitter_site":"@RizeCreditUnion","schema":{"@context":"https:\/\/schema.org","@graph":[{"@type":"WebPage","@id":"https:\/\/rizecu.com\/deposit-rates\/certificate-rates\/","url":"https:\/\/rizecu.com\/deposit-rates\/certificate-rates\/","name":"Certificate Rates | Rize Credit Union","isPartOf":{"@id":"https:\/\/rizecu.com\/#website"},"datePublished":"2024-05-15T23:34:29+00:00","dateModified":"2025-11-26T16:38:21+00:00","breadcrumb":{"@id":"https:\/\/rizecu.com\/deposit-rates\/certificate-rates\/#breadcrumb"},"inLanguage":"es","potentialAction":[{"@type":"ReadAction","target":["https:\/\/rizecu.com\/deposit-rates\/certificate-rates\/"]}]},{"@type":"BreadcrumbList","@id":"https:\/\/rizecu.com\/deposit-rates\/certificate-rates\/#breadcrumb","itemListElement":[{"@type":"ListItem","position":1,"name":"Home","item":"https:\/\/rizecu.com\/"},{"@type":"ListItem","position":2,"name":"Deposit Rates","item":"https:\/\/rizecu.com\/deposit-rates\/"},{"@type":"ListItem","position":3,"name":"Certificate Rates"}]},{"@type":"WebSite","@id":"https:\/\/rizecu.com\/#website","url":"https:\/\/rizecu.com\/","name":"Rize Credit Union","description":"Beyond Banking","publisher":{"@id":"https:\/\/rizecu.com\/#organization"},"alternateName":"Rize CU","potentialAction":[{"@type":"SearchAction","target":{"@type":"EntryPoint","urlTemplate":"https:\/\/rizecu.com\/?s={search_term_string}"},"query-input":{"@type":"PropertyValueSpecification","valueRequired":true,"valueName":"search_term_string"}}],"inLanguage":"es"},{"@type":"Organization","@id":"https:\/\/rizecu.com\/#organization","name":"Rize Credit Union","alternateName":"Rize CU","url":"https:\/\/rizecu.com\/","logo":{"@type":"ImageObject","inLanguage":"es","@id":"https:\/\/rizecu.com\/#\/schema\/logo\/image\/","url":"https:\/\/rizecu.com\/wp-content\/uploads\/rize-bneyond-banking.jpg","contentUrl":"https:\/\/rizecu.com\/wp-content\/uploads\/rize-bneyond-banking.jpg","width":560,"height":332,"caption":"Rize Credit Union"},"image":{"@id":"https:\/\/rizecu.com\/#\/schema\/logo\/image\/"},"sameAs":["https:\/\/www.facebook.com\/RizeCreditUnion","https:\/\/x.com\/RizeCreditUnion","https:\/\/www.linkedin.com\/company\/rize-credit-union","https:\/\/www.instagram.com\/rize_creditunion\/","https:\/\/x.com\/Rize_cu"]}]}},"publishpress_future_action":{"enabled":false,"date":"2026-05-15 21:20:04","action":"change-status","newStatus":"draft","terms":[],"taxonomy":"","extraData":[]},"publishpress_future_workflow_manual_trigger":{"enabledWorkflows":[]},"_links":{"self":[{"href":"https:\/\/rizecu.com\/es\/wp-json\/wp\/v2\/pages\/13504","targetHints":{"allow":["GET"]}}],"collection":[{"href":"https:\/\/rizecu.com\/es\/wp-json\/wp\/v2\/pages"}],"about":[{"href":"https:\/\/rizecu.com\/es\/wp-json\/wp\/v2\/types\/page"}],"author":[{"embeddable":true,"href":"https:\/\/rizecu.com\/es\/wp-json\/wp\/v2\/users\/5"}],"replies":[{"embeddable":true,"href":"https:\/\/rizecu.com\/es\/wp-json\/wp\/v2\/comments?post=13504"}],"version-history":[{"count":0,"href":"https:\/\/rizecu.com\/es\/wp-json\/wp\/v2\/pages\/13504\/revisions"}],"up":[{"embeddable":true,"href":"https:\/\/rizecu.com\/es\/wp-json\/wp\/v2\/pages\/13506"}],"wp:attachment":[{"href":"https:\/\/rizecu.com\/es\/wp-json\/wp\/v2\/media?parent=13504"}],"curies":[{"name":"wp","href":"https:\/\/api.w.org\/{rel}","templated":true}]}}